{"id":16,"date":"2021-03-21T21:19:25","date_gmt":"2021-03-21T21:19:25","guid":{"rendered":"http:\/\/stm-gmbh.info\/?page_id=16"},"modified":"2021-04-05T15:26:27","modified_gmt":"2021-04-05T15:26:27","slug":"maschinen-2","status":"publish","type":"page","link":"https:\/\/stm-gmbh.info\/?page_id=16","title":{"rendered":"Service"},"content":{"rendered":"<p>Wir bieten Wartung und Reparatur sowie Ersatzteile f\u00fcr Ihre Schleifmaschine,<\/p>\n<p>Teil und Komplett-\u00dcberarbeitung Ihrer Maschine,<\/p>\n<p><img loading=\"lazy\" decoding=\"async\" class=\"alignnone size-medium wp-image-180\" src=\"http:\/\/stm-gmbh.info\/wp-content\/uploads\/2021\/04\/SDC11742-300x225.jpg\" alt=\"\" width=\"300\" height=\"225\" srcset=\"https:\/\/stm-gmbh.info\/wp-content\/uploads\/2021\/04\/SDC11742-300x225.jpg 300w, https:\/\/stm-gmbh.info\/wp-content\/uploads\/2021\/04\/SDC11742-1024x768.jpg 1024w, https:\/\/stm-gmbh.info\/wp-content\/uploads\/2021\/04\/SDC11742-768x576.jpg 768w, https:\/\/stm-gmbh.info\/wp-content\/uploads\/2021\/04\/SDC11742-1536x1152.jpg 1536w, https:\/\/stm-gmbh.info\/wp-content\/uploads\/2021\/04\/SDC11742-2048x1536.jpg 2048w\" sizes=\"auto, (max-width: 300px) 100vw, 300px\" \/><\/p>\n<p>Modernisierung und Sonderl\u00f6sungen nach Wunsch,<\/p>\n<p>Geometrische , elektrische, optische Optimierung,<\/p>\n<p><img loading=\"lazy\" decoding=\"async\" class=\"alignnone size-medium wp-image-185\" src=\"http:\/\/stm-gmbh.info\/wp-content\/uploads\/2021\/04\/IMG_20200212_181619721-300x142.jpg\" alt=\"\" width=\"300\" height=\"142\" srcset=\"https:\/\/stm-gmbh.info\/wp-content\/uploads\/2021\/04\/IMG_20200212_181619721-300x142.jpg 300w, https:\/\/stm-gmbh.info\/wp-content\/uploads\/2021\/04\/IMG_20200212_181619721-1024x485.jpg 1024w, https:\/\/stm-gmbh.info\/wp-content\/uploads\/2021\/04\/IMG_20200212_181619721-768x364.jpg 768w, https:\/\/stm-gmbh.info\/wp-content\/uploads\/2021\/04\/IMG_20200212_181619721-1536x728.jpg 1536w, https:\/\/stm-gmbh.info\/wp-content\/uploads\/2021\/04\/IMG_20200212_181619721-2048x970.jpg 2048w\" sizes=\"auto, (max-width: 300px) 100vw, 300px\" \/><\/p>\n<p>Messger\u00e4te, Maschinenverkleidungen, K\u00fchlmittelanlagen,<\/p>\n<p>Auswuchtsysteme, Maschinenzubeh\u00f6r anbauen,<\/p>\n<p>Spindelservice, Spindelreparatur,<\/p>\n<p><img loading=\"lazy\" decoding=\"async\" class=\"alignnone  wp-image-179\" src=\"http:\/\/stm-gmbh.info\/wp-content\/uploads\/2021\/04\/SDC11679-300x225.jpg\" alt=\"\" width=\"346\" height=\"260\" srcset=\"https:\/\/stm-gmbh.info\/wp-content\/uploads\/2021\/04\/SDC11679-300x225.jpg 300w, https:\/\/stm-gmbh.info\/wp-content\/uploads\/2021\/04\/SDC11679-768x576.jpg 768w, https:\/\/stm-gmbh.info\/wp-content\/uploads\/2021\/04\/SDC11679.jpg 1024w\" sizes=\"auto, (max-width: 346px) 100vw, 346px\" \/><\/p>\n<p>\u00a0<\/p>\n\n\n<p><strong>mail@stm-gmbh.info<\/strong><\/p>\n","protected":false},"excerpt":{"rendered":"<p>Wir bieten Wartung und Reparatur sowie Ersatzteile f\u00fcr Ihre Schleifmaschine, Teil und Komplett-\u00dcberarbeitung Ihrer Maschine, Modernisierung und Sonderl\u00f6sungen nach Wunsch, Geometrische , elektrische, optische Optimierung, Messger\u00e4te, Maschinenverkleidungen, K\u00fchlmittelanlagen, Auswuchtsysteme, Maschinenzubeh\u00f6r anbauen, Spindelservice, Spindelreparatur, \u00a0 mail@stm-gmbh.info<\/p>\n","protected":false},"author":1,"featured_media":5,"parent":0,"menu_order":0,"comment_status":"closed","ping_status":"closed","template":"","meta":{"footnotes":""},"class_list":["post-16","page","type-page","status-publish","has-post-thumbnail","hentry"],"_links":{"self":[{"href":"https:\/\/stm-gmbh.info\/index.php?rest_route=\/wp\/v2\/pages\/16","targetHints":{"allow":["GET"]}}],"collection":[{"href":"https:\/\/stm-gmbh.info\/index.php?rest_route=\/wp\/v2\/pages"}],"about":[{"href":"https:\/\/stm-gmbh.info\/index.php?rest_route=\/wp\/v2\/types\/page"}],"author":[{"embeddable":true,"href":"https:\/\/stm-gmbh.info\/index.php?rest_route=\/wp\/v2\/users\/1"}],"replies":[{"embeddable":true,"href":"https:\/\/stm-gmbh.info\/index.php?rest_route=%2Fwp%2Fv2%2Fcomments&post=16"}],"version-history":[{"count":5,"href":"https:\/\/stm-gmbh.info\/index.php?rest_route=\/wp\/v2\/pages\/16\/revisions"}],"predecessor-version":[{"id":262,"href":"https:\/\/stm-gmbh.info\/index.php?rest_route=\/wp\/v2\/pages\/16\/revisions\/262"}],"wp:featuredmedia":[{"embeddable":true,"href":"https:\/\/stm-gmbh.info\/index.php?rest_route=\/wp\/v2\/media\/5"}],"wp:attachment":[{"href":"https:\/\/stm-gmbh.info\/index.php?rest_route=%2Fwp%2Fv2%2Fmedia&parent=16"}],"curies":[{"name":"wp","href":"https:\/\/api.w.org\/{rel}","templated":true}]}}