{"id":101,"date":"2021-03-21T20:07:45","date_gmt":"2021-03-21T20:07:45","guid":{"rendered":"http:\/\/stm-gmbh.info\/?page_id=101"},"modified":"2021-04-08T09:37:42","modified_gmt":"2021-04-08T09:37:42","slug":"maschinen","status":"publish","type":"page","link":"https:\/\/stm-gmbh.info\/?page_id=101","title":{"rendered":"MASCHINEN"},"content":{"rendered":"\n<p>Wir sind Ihr kompetenter Partner, wenn es um professionelle und pr\u00e4zise Schleifmaschinen geht.<\/p>\n\n\n\n<p>Unsere technische Ausr\u00fcstung kombiniert mit professionellem Fachwissen und langj\u00e4hriger Erfahrung erm\u00f6glicht uns die Modernisierung &nbsp;von Schleifmaschinen. Zu unserem Programm geh\u00f6ren <\/p>\n\n\n\n<p>SCHAUDT, TSCHUDIN und STUDER Maschinen<\/p>\n\n\n\n<p>Informieren Sie sich \u00fcber unsere Maschinenangebote und unsere Service &#8211; M\u00f6glichkeiten.<\/p>\n\n\n\n<figure class=\"wp-block-image size-large\"><img loading=\"lazy\" decoding=\"async\" width=\"1024\" height=\"372\" src=\"http:\/\/stm-gmbh.info\/wp-content\/uploads\/2021\/04\/ay-1024x372.jpg\" alt=\"\" class=\"wp-image-203\" srcset=\"https:\/\/stm-gmbh.info\/wp-content\/uploads\/2021\/04\/ay-1024x372.jpg 1024w, https:\/\/stm-gmbh.info\/wp-content\/uploads\/2021\/04\/ay-300x109.jpg 300w, https:\/\/stm-gmbh.info\/wp-content\/uploads\/2021\/04\/ay-768x279.jpg 768w, https:\/\/stm-gmbh.info\/wp-content\/uploads\/2021\/04\/ay-1536x557.jpg 1536w, https:\/\/stm-gmbh.info\/wp-content\/uploads\/2021\/04\/ay-2048x743.jpg 2048w\" sizes=\"auto, (max-width: 1024px) 100vw, 1024px\" \/><figcaption>Beispielbild<\/figcaption><\/figure>\n\n\n\n<p><a href=\"https:\/\/www.resale.de\/schaudt-pf-5-n1500-cnc-rundschleifmaschinen\/Nr-145454765\">https:\/\/www.resale.de\/schaudt-pf-5-n1500-cnc-rundschleifmaschinen\/Nr-145454765<\/a><\/p>\n\n\n\n<figure class=\"wp-block-image size-large is-resized\"><img loading=\"lazy\" decoding=\"async\" src=\"http:\/\/stm-gmbh.info\/wp-content\/uploads\/2021\/04\/S40small.jpg\" alt=\"\" class=\"wp-image-267\" width=\"442\" height=\"260\" srcset=\"https:\/\/stm-gmbh.info\/wp-content\/uploads\/2021\/04\/S40small.jpg 568w, https:\/\/stm-gmbh.info\/wp-content\/uploads\/2021\/04\/S40small-300x176.jpg 300w\" sizes=\"auto, (max-width: 442px) 100vw, 442px\" \/><figcaption>Beispielbild<\/figcaption><\/figure>\n\n\n\n<p><a href=\"https:\/\/www.resale.de\/studer-s40\/Nr-152179923\">https:\/\/www.resale.de\/studer-s40\/Nr-152179923<\/a><\/p>\n\n\n\n<p><\/p>\n\n\n\n<p><\/p>\n\n\n\n<figure class=\"wp-block-image size-large is-resized\"><img loading=\"lazy\" decoding=\"async\" src=\"http:\/\/stm-gmbh.info\/wp-content\/uploads\/2021\/03\/IMG_20200513_173636456-1024x768.jpg\" alt=\"HTG 22 CNC\" class=\"wp-image-106\" width=\"264\" height=\"198\" srcset=\"https:\/\/stm-gmbh.info\/wp-content\/uploads\/2021\/03\/IMG_20200513_173636456-1024x768.jpg 1024w, https:\/\/stm-gmbh.info\/wp-content\/uploads\/2021\/03\/IMG_20200513_173636456-300x225.jpg 300w, https:\/\/stm-gmbh.info\/wp-content\/uploads\/2021\/03\/IMG_20200513_173636456-768x576.jpg 768w, https:\/\/stm-gmbh.info\/wp-content\/uploads\/2021\/03\/IMG_20200513_173636456-1536x1152.jpg 1536w, https:\/\/stm-gmbh.info\/wp-content\/uploads\/2021\/03\/IMG_20200513_173636456-2048x1536.jpg 2048w\" sizes=\"auto, (max-width: 264px) 100vw, 264px\" \/><\/figure>\n\n\n\n<p><a href=\"https:\/\/www.resale.de\/tschudin-htg-22-cnc-e14-typ-362-aussenrundschleifmaschinen\/Nr-145540709\">https:\/\/www.resale.de\/tschudin-htg-22-cnc-e14-typ-362-aussenrundschleifmaschinen\/Nr-145540709<\/a><\/p>\n\n\n\n<p><\/p>\n\n\n\n<figure class=\"wp-block-image size-large is-resized\"><img loading=\"lazy\" decoding=\"async\" src=\"http:\/\/stm-gmbh.info\/wp-content\/uploads\/2021\/04\/IMG_20201116_1610346571-768x1024.jpg\" alt=\"\" class=\"wp-image-255\" width=\"267\" height=\"356\" srcset=\"https:\/\/stm-gmbh.info\/wp-content\/uploads\/2021\/04\/IMG_20201116_1610346571-768x1024.jpg 768w, https:\/\/stm-gmbh.info\/wp-content\/uploads\/2021\/04\/IMG_20201116_1610346571-225x300.jpg 225w, https:\/\/stm-gmbh.info\/wp-content\/uploads\/2021\/04\/IMG_20201116_1610346571-1152x1536.jpg 1152w, https:\/\/stm-gmbh.info\/wp-content\/uploads\/2021\/04\/IMG_20201116_1610346571-1536x2048.jpg 1536w, https:\/\/stm-gmbh.info\/wp-content\/uploads\/2021\/04\/IMG_20201116_1610346571-scaled.jpg 1920w\" sizes=\"auto, (max-width: 267px) 100vw, 267px\" \/><\/figure>\n\n\n\n<p><a href=\"https:\/\/www.resale.de\/tschudin-htg-600-rundschleifmaschinen\/Nr-149808887\">https:\/\/www.resale.de\/tschudin-htg-600-rundschleifmaschinen\/Nr-149808887<\/a><\/p>\n\n\n\n<p><a href=\"https:\/\/www.resale.de\/schaudt-ar-1000-aussenrundschleifmaschinen\/Nr-145540714\">https:\/\/www.resale.de\/schaudt-ar-1000-aussenrundschleifmaschinen\/Nr-145540714<\/a><\/p>\n\n\n\n<p><\/p>\n","protected":false},"excerpt":{"rendered":"<p>Wir sind Ihr kompetenter Partner, wenn es um professionelle und pr\u00e4zise Schleifmaschinen geht. Unsere technische Ausr\u00fcstung kombiniert mit professionellem Fachwissen und langj\u00e4hriger Erfahrung erm\u00f6glicht uns die Modernisierung &nbsp;von Schleifmaschinen. Zu unserem Programm geh\u00f6ren SCHAUDT, TSCHUDIN und STUDER Maschinen Informieren Sie sich \u00fcber unsere Maschinenangebote und unsere Service &#8211; M\u00f6glichkeiten. https:\/\/www.resale.de\/schaudt-pf-5-n1500-cnc-rundschleifmaschinen\/Nr-145454765 https:\/\/www.resale.de\/studer-s40\/Nr-152179923 https:\/\/www.resale.de\/tschudin-htg-22-cnc-e14-typ-362-aussenrundschleifmaschinen\/Nr-145540709 https:\/\/www.resale.de\/tschudin-htg-600-rundschleifmaschinen\/Nr-149808887 https:\/\/www.resale.de\/schaudt-ar-1000-aussenrundschleifmaschinen\/Nr-145540714<\/p>\n","protected":false},"author":1,"featured_media":106,"parent":57,"menu_order":0,"comment_status":"closed","ping_status":"closed","template":"","meta":{"footnotes":""},"class_list":["post-101","page","type-page","status-publish","has-post-thumbnail","hentry"],"_links":{"self":[{"href":"https:\/\/stm-gmbh.info\/index.php?rest_route=\/wp\/v2\/pages\/101","targetHints":{"allow":["GET"]}}],"collection":[{"href":"https:\/\/stm-gmbh.info\/index.php?rest_route=\/wp\/v2\/pages"}],"about":[{"href":"https:\/\/stm-gmbh.info\/index.php?rest_route=\/wp\/v2\/types\/page"}],"author":[{"embeddable":true,"href":"https:\/\/stm-gmbh.info\/index.php?rest_route=\/wp\/v2\/users\/1"}],"replies":[{"embeddable":true,"href":"https:\/\/stm-gmbh.info\/index.php?rest_route=%2Fwp%2Fv2%2Fcomments&post=101"}],"version-history":[{"count":11,"href":"https:\/\/stm-gmbh.info\/index.php?rest_route=\/wp\/v2\/pages\/101\/revisions"}],"predecessor-version":[{"id":270,"href":"https:\/\/stm-gmbh.info\/index.php?rest_route=\/wp\/v2\/pages\/101\/revisions\/270"}],"up":[{"embeddable":true,"href":"https:\/\/stm-gmbh.info\/index.php?rest_route=\/wp\/v2\/pages\/57"}],"wp:featuredmedia":[{"embeddable":true,"href":"https:\/\/stm-gmbh.info\/index.php?rest_route=\/wp\/v2\/media\/106"}],"wp:attachment":[{"href":"https:\/\/stm-gmbh.info\/index.php?rest_route=%2Fwp%2Fv2%2Fmedia&parent=101"}],"curies":[{"name":"wp","href":"https:\/\/api.w.org\/{rel}","templated":true}]}}